{"id":805,"date":"2025-12-06T21:54:11","date_gmt":"2025-12-06T21:54:11","guid":{"rendered":"https:\/\/semty.mx\/ctemty.mx\/?page_id=805"},"modified":"2025-12-06T22:02:45","modified_gmt":"2025-12-06T22:02:45","slug":"taller-de-diseno-y-fabricacion-de-pcb","status":"publish","type":"page","link":"https:\/\/semty.mx\/ctemty.mx\/taller-de-diseno-y-fabricacion-de-pcb\/","title":{"rendered":"Taller de Dise\u00f1o y Fabricaci\u00f3n de PCB"},"content":{"rendered":"\t\t<div data-elementor-type=\"wp-page\" data-elementor-id=\"805\" class=\"elementor elementor-805\">\n\t\t\t\t<div class=\"elementor-element elementor-element-e97a5a5 e-con-full e-flex e-con e-parent\" data-id=\"e97a5a5\" data-element_type=\"container\" data-e-type=\"container\" data-settings=\"{&quot;background_background&quot;:&quot;classic&quot;}\">\n\t\t\t\t<\/div>\n\t\t<div class=\"elementor-element elementor-element-d512ad3 e-flex e-con-boxed e-con e-parent\" data-id=\"d512ad3\" data-element_type=\"container\" data-e-type=\"container\">\n\t\t\t\t\t<div class=\"e-con-inner\">\n\t\t\t\t<div class=\"elementor-element elementor-element-307bf05 elementor-widget elementor-widget-text-editor\" data-id=\"307bf05\" data-element_type=\"widget\" data-e-type=\"widget\" data-widget_type=\"text-editor.default\">\n\t\t\t\t\t\t\t\t\t<div class=\"curso-container\"><p><!-- Bloque: T\u00edtulo del curso --><\/p><h1 class=\"curso-titulo titulo-azul\">Taller de Dise\u00f1o y Fabricaci\u00f3n de PCB<\/h1><p><!-- Bloque: Inscripci\u00f3n abierta --><\/p><div class=\"inscripciones\">\u00a1\u00a1\u00a1INSCRIPCIONES ABIERTAS!!!<\/div><p><!-- Bloque: Imagen principal --><br \/><a href=\"https:\/\/semty.mx\/ctemty.mx\/wp-content\/uploads\/2025\/12\/taller-de-diseno-de-PCB.png\"><img fetchpriority=\"high\" decoding=\"async\" class=\"alignnone size-full wp-image-808\" src=\"https:\/\/semty.mx\/ctemty.mx\/wp-content\/uploads\/2025\/12\/taller-de-diseno-de-PCB.png\" alt=\"\" width=\"1024\" height=\"469\" srcset=\"https:\/\/semty.mx\/ctemty.mx\/wp-content\/uploads\/2025\/12\/taller-de-diseno-de-PCB.png 1024w, https:\/\/semty.mx\/ctemty.mx\/wp-content\/uploads\/2025\/12\/taller-de-diseno-de-PCB-300x137.png 300w, https:\/\/semty.mx\/ctemty.mx\/wp-content\/uploads\/2025\/12\/taller-de-diseno-de-PCB-768x352.png 768w\" sizes=\"(max-width: 1024px) 100vw, 1024px\" \/><\/a><\/p><p><!-- Bloque: Pr\u00f3ximo inicio --><\/p><div class=\"seccion\"><h3 class=\"titulo-azul\">Pr\u00f3ximo Inicio<\/h3><h1><strong>Enero del 2026<\/strong><\/h1><\/div><p><!-- Bloque: Duraci\u00f3n y horarios --><\/p><div class=\"seccion\"><h3 class=\"titulo-azul\">Duraci\u00f3n y Horarios<\/h3><h2><strong>9 semanas<\/strong><br \/><strong>Horarios de sesiones:<\/strong><\/h2><h2><strong>Martes: 9:00 A.M.\u00a0 a 1:00 P.M. y de 2:00 P.M. a 6:00 P.M.<\/strong><br \/><strong>Jueves: 9:00 A.M.\u00a0 a 1:00 P.M. y de 2:00 P.M. a 6:00 P.M.<\/strong><br \/><strong>S\u00e1bados: 9:00 A.M.\u00a0 a 1:00 P.M. y de 2:00 P.M. a 6:00 P.M.<\/strong><\/h2><\/div><p><!-- Bloque: Costo --><\/p><div class=\"seccion\"><h3 class=\"titulo-azul\">Costo<\/h3><table><tbody><tr><th>Concepto<\/th><th>Precio<\/th><\/tr><tr><td>Inscripci\u00f3n<\/td><td>$600.00<\/td><\/tr><tr><td>Curso<\/td><td>$5,400.00<\/td><\/tr><tr><td>Manual<\/td><td>$350.00<\/td><\/tr><\/tbody><\/table><\/div><p><!-- Bloque: Requisito m\u00ednimo de inscripci\u00f3n --><\/p><h2 class=\"seccion\"><strong>Para iniciar en la fecha programada es necesario que se inscriban al menos 5 participantes.<\/strong><br \/><span style=\"color: #0000ff;\">Forma parte de este grupo \u00a1Inscr\u00edbete ya!<\/span><br \/><a href=\"https:\/\/semty.mx\/ctemty.mx\/contacto\/\"><br \/><button>Inscribirse<\/button><br \/><\/a><\/h2><p><!-- Bloque: Objetivo del curso --><\/p><div class=\"seccion\"><h3 class=\"titulo-azul\">Objetivo del Curso<\/h3><p data-start=\"404\" data-end=\"773\">Desarrollar en el participante las competencias necesarias para <strong data-start=\"807\" data-end=\"888\">conceptualizar, dise\u00f1ar y materializar un circuito electr\u00f3nico en formato PCB<\/strong>, comprendiendo la traducci\u00f3n del esquem\u00e1tico al dise\u00f1o f\u00edsico (layout), la verificaci\u00f3n el\u00e9ctrica y de manufactura (ERC\/DRC), la fabricaci\u00f3n por tres m\u00e9todos accesibles, la aplicaci\u00f3n controlada de m\u00e1scara antisoldante y serigraf\u00eda de identificaci\u00f3n, adem\u00e1s del ensamble, inspecci\u00f3n y evaluaci\u00f3n visual del prototipo final, con \u00e9nfasis en la calidad, seguridad y documentaci\u00f3n t\u00e9cnica del proceso.<\/p><p data-start=\"775\" data-end=\"1282\">Este taller est\u00e1 dirigido a <strong data-start=\"127\" data-end=\"194\">personas sin experiencia previa en electr\u00f3nica ni dise\u00f1o de PCB<\/strong>, as\u00ed como a estudiantes, docentes, t\u00e9cnicos y entusiastas que deseen aprender desde cero el uso de herramientas CAD para el dise\u00f1o de tarjetas electr\u00f3nicas y dominar <strong data-start=\"361\" data-end=\"422\">t\u00e9cnicas semiprofesionales de fabricaci\u00f3n e impresi\u00f3n PCB<\/strong>, incluyendo transferencia t\u00e9rmica, fotoresist UV, serigraf\u00eda completa, aplicaci\u00f3n de m\u00e1scara antisoldante y rotulado silkscreen. No se requieren conocimientos t\u00e9cnicos previos; \u00fanicamente inter\u00e9s genuino por comprender el proceso real de creaci\u00f3n de circuitos impresos y disposici\u00f3n para el trabajo minucioso, seguro y guiado.<\/p><\/div><p><!-- Bloque: Temario --><\/p><div class=\"seccion\"><div class=\"temario\"><div class=\"temario-column\"><table style=\"height: 1572px;\" width=\"817\"><thead><tr><th>\u00a0Semana\u00a0\u00a0<\/th><th>Tema<\/th><th>Actividades\u00a0<\/th><\/tr><\/thead><tbody><tr><td>Semana 1<\/td><td>Introducci\u00f3n y fundamentos de PCB<\/td><td><ul><li>\u00bfQu\u00e9 es y qu\u00e9 no es una PCB?<\/li><li>Tipolog\u00edas: 1 capa, 2 capas, multicapa, r\u00edgida, flex<\/li><li>PCB hobby vs. PCB profesional<\/li><li>Normas m\u00ednimas: IPC-2221 y manufactura b\u00e1sica<\/li><li>Materiales: FR-1, FR-2, FR-4, cobre, resinas<\/li><li>Seguridad en qu\u00edmicos y perforado<\/li><li>Dibujos Asistido por Computadora (CAD) mas utilizados y selecci\u00f3n<\/li><\/ul><\/td><\/tr><tr><td>Semana 2<\/td><td>CAD: Esquem\u00e1ticos<\/td><td><ul><li>Introducci\u00f3n al CAD elegido en la secci\u00f3n previa<\/li><li>S\u00edmbolos y librer\u00edas<\/li><li>Netlist, etiquetas, buses, jerarqu\u00eda<\/li><li>Errores comunes en esquem\u00e1tico<\/li><li>ERC: Electrical Rules Check<\/li><li>Dise\u00f1o del primer esquematico (Timer 555)<\/li><li>Aprobaci\u00f3n de esquematico<\/li><\/ul><\/td><\/tr><tr><td>Semana 3<\/td><td>CAD: PCB layout (parte 1)<\/td><td><ul><li>DRC: reglas de manufactura<ul><li>Clearance, track width, annular ring<\/li><\/ul><\/li><li>Footprints: selecci\u00f3n y verificaci\u00f3n<\/li><li>Colocaci\u00f3n l\u00f3gica de componentes<\/li><li>Diferencia entre belleza y funcionalidad<\/li><li>Colocaci\u00f3n \u00f3ptima completa<\/li><\/ul><\/td><\/tr><tr><td>Semana 4<\/td><td><p>CAD: PCB layout (parte 2)<\/p><\/td><td><ul><li>Ruteo manual fino<\/li><li>Evitar autoruteo: por qu\u00e9 s\u00ed y por qu\u00e9 no<\/li><li>Planos de cobre, islas, termals<\/li><li>Vias, taladros y soldabilidad<\/li><li>Serigraf\u00eda superior y m\u00e1scara de cobre<\/li><li>PCB terminado con aprobaci\u00f3n DRC\/ERC<\/li><\/ul><\/td><\/tr><tr><td>Semana 5<\/td><td><p>M\u00e9todos de fabricaci\u00f3n I (Transfercia de Toner )<\/p><\/td><td><ul><li>Limpieza y preparaci\u00f3n de placa<\/li><li>Transferencia t\u00e9rmica<\/li><li>Errores t\u00edpicos:<ul><li>microcortes<\/li><li>sobreplanchado<\/li><li>burbujas<\/li><\/ul><\/li><li>Ataque qu\u00edmico<\/li><li>Taladrado<\/li><li>Limpieza<\/li><li>Primer prototipo funcional<\/li><\/ul><\/td><\/tr><tr><td>Semana 6<\/td><td>M\u00e9todos de fabricaci\u00f3n II (Pel\u00edcula Seca fotosensible UV)<\/td><td><ul><li>Pel\u00edcula Seca fotosensible<\/li><li>Descubrimiento de la pel\u00edcula<\/li><li>Pegar la pel\u00edcula, limpiar y pegar en plano<\/li><li>Imprimir pel\u00edcula de placa de circuito<\/li><li>Exposici\u00f3n<\/li><li>Grabado<\/li><li>Desmoldar<\/li><li>Ataque qu\u00edmico<\/li><li>Taladrado<\/li><li>Comparaci\u00f3n con toner (precisi\u00f3n, repetibilidad, l\u00edneas finas)<\/li><li>prototipo de mayor resoluci\u00f3n<\/li><\/ul><\/td><\/tr><tr><td>Semana 7<\/td><td>M\u00e9todos de fabricaci\u00f3n III (Serigraf\u00eda)<\/td><td><ul><li>Selecci\u00f3n de malla<\/li><li>Desengrasado<\/li><li>Aplicaci\u00f3n de emulsi\u00f3n fotosensible<\/li><li>Insolado<\/li><li>Revelado<\/li><li>Registro<\/li><li>Transferencia de tinta a la placa de cobre<\/li><li>Secado<\/li><li>Ataque qu\u00edmico<\/li><li>Taladrado<\/li><li>Serie de PCBs repetidas<\/li><\/ul><\/td><\/tr><tr><td>Semana 8<\/td><td>M\u00e1scara Antisoldante y Silkscreen<\/td><td><ul><li>Tipos de recubrimiento<\/li><li>Colores para mascara e identificacion<\/li><li>Impresi\u00f3n<\/li><li>Curado<\/li><li>Mejoras en est\u00e9tica<\/li><li>Mayor protecci\u00f3n t\u00e9rmica y anticorrosiva<\/li><li>Soldabilidad m\u00e1s limpia<\/li><li>Se\u00f1alizaci\u00f3n clara de componentes<\/li><li>Rotulado profesional<\/li><\/ul><\/td><\/tr><tr><td>Semana 9<\/td><td>Taladrado, soldadura fina, retrabajo e inspecci\u00f3n<\/td><td><ul><li>Brocas vs. pads (no levantarlos)<\/li><li>T\u00e9cnicas SMT y PTH b\u00e1sicas<\/li><li>Limpieza de flux<\/li><li>Retrabajo de pistas<\/li><li>Esta\u00f1ado (cuando no hay mascara)<\/li><li>Inspecci\u00f3n visual (IPC-A-600)<\/li><li>PCB ensamblada<\/li><\/ul><\/td><\/tr><\/tbody><\/table><\/div><\/div><\/div><p><!-- Bloque: Ubicaci\u00f3n e instalaciones --><\/p><div class=\"seccion\"><h3 class=\"titulo-azul\">Ubicaci\u00f3n e Instalaciones<\/h3><p>Los invitamos a conocer las instalaciones de CTE y ver el contenido y materiales con los que se trabajar\u00e1 en el desarrollo del curso.<\/p><p>Estamos ubicados en Keramos 314, Colonia del Prado, zona detr\u00e1s de la Plaza de Toros Monumental Monterrey, a 5 minutos de la UNI.<\/p><p>Tel\u00e9fono: 81 8372 4777<\/p><p>WhatsApp: +52 990 392 0034<\/p><\/div><p><!-- Bloque: Requisitos --><\/p><div class=\"seccion\"><h3 class=\"titulo-azul\">Requisitos<\/h3><ul><li>A partir de 15 a\u00f1os<\/li><li>Los materiales los puede adquirir con nosotros<\/li><\/ul><\/div><p><!-- Bloque: Formas de pago --><\/p><div class=\"seccion\"><h3 class=\"titulo-azul\">Formas de pago<\/h3><p>Puede realizar el pago en nuestras instalaciones, hacer dep\u00f3sito o transferencia bancaria (solicitar datos por correo).<\/p><p>Tenemos la opci\u00f3n de pagar el curso en pagos semanales.<\/p><p class=\"nota\">Pasada la segunda sesi\u00f3n de curso, si el estudiante decide no asistir, no hay devoluci\u00f3n de lo pagado.<\/p><\/div><\/div>\t\t\t\t\t\t\t\t<\/div>\n\t\t\t\t\t<\/div>\n\t\t\t\t<\/div>\n\t\t\t\t<\/div>\n\t\t","protected":false},"excerpt":{"rendered":"<p>Taller de Dise\u00f1o y Fabricaci\u00f3n de PCB \u00a1\u00a1\u00a1INSCRIPCIONES ABIERTAS!!! Pr\u00f3ximo Inicio Enero del 2026 Duraci\u00f3n y Horarios 9 semanasHorarios de sesiones: Martes: 9:00 A.M.\u00a0 a 1:00 P.M. y de 2:00 P.M. a 6:00 P.M.Jueves: 9:00 A.M.\u00a0 a 1:00 P.M. y de 2:00 P.M. a 6:00 P.M.S\u00e1bados: 9:00 A.M.\u00a0 a 1:00 P.M. y de 2:00 P.M. [&hellip;]<\/p>\n","protected":false},"author":3,"featured_media":0,"parent":0,"menu_order":0,"comment_status":"closed","ping_status":"closed","template":"elementor_header_footer","meta":{"ocean_post_layout":"","ocean_both_sidebars_style":"","ocean_both_sidebars_content_width":0,"ocean_both_sidebars_sidebars_width":0,"ocean_sidebar":"0","ocean_second_sidebar":"0","ocean_disable_margins":"enable","ocean_add_body_class":"","ocean_shortcode_before_top_bar":"","ocean_shortcode_after_top_bar":"","ocean_shortcode_before_header":"","ocean_shortcode_after_header":"","ocean_has_shortcode":"","ocean_shortcode_after_title":"","ocean_shortcode_before_footer_widgets":"","ocean_shortcode_after_footer_widgets":"","ocean_shortcode_before_footer_bottom":"","ocean_shortcode_after_footer_bottom":"","ocean_display_top_bar":"default","ocean_display_header":"default","ocean_header_style":"","ocean_center_header_left_menu":"0","ocean_custom_header_template":"0","ocean_custom_logo":0,"ocean_custom_retina_logo":0,"ocean_custom_logo_max_width":0,"ocean_custom_logo_tablet_max_width":0,"ocean_custom_logo_mobile_max_width":0,"ocean_custom_logo_max_height":0,"ocean_custom_logo_tablet_max_height":0,"ocean_custom_logo_mobile_max_height":0,"ocean_header_custom_menu":"0","ocean_menu_typo_font_family":"0","ocean_menu_typo_font_subset":"","ocean_menu_typo_font_size":0,"ocean_menu_typo_font_size_tablet":0,"ocean_menu_typo_font_size_mobile":0,"ocean_menu_typo_font_size_unit":"px","ocean_menu_typo_font_weight":"","ocean_menu_typo_font_weight_tablet":"","ocean_menu_typo_font_weight_mobile":"","ocean_menu_typo_transform":"","ocean_menu_typo_transform_tablet":"","ocean_menu_typo_transform_mobile":"","ocean_menu_typo_line_height":0,"ocean_menu_typo_line_height_tablet":0,"ocean_menu_typo_line_height_mobile":0,"ocean_menu_typo_line_height_unit":"","ocean_menu_typo_spacing":0,"ocean_menu_typo_spacing_tablet":0,"ocean_menu_typo_spacing_mobile":0,"ocean_menu_typo_spacing_unit":"","ocean_menu_link_color":"","ocean_menu_link_color_hover":"","ocean_menu_link_color_active":"","ocean_menu_link_background":"","ocean_menu_link_hover_background":"","ocean_menu_link_active_background":"","ocean_menu_social_links_bg":"","ocean_menu_social_hover_links_bg":"","ocean_menu_social_links_color":"","ocean_menu_social_hover_links_color":"","ocean_disable_title":"on","ocean_disable_heading":"default","ocean_post_title":"","ocean_post_subheading":"","ocean_post_title_style":"","ocean_post_title_background_color":"","ocean_post_title_background":0,"ocean_post_title_bg_image_position":"","ocean_post_title_bg_image_attachment":"","ocean_post_title_bg_image_repeat":"","ocean_post_title_bg_image_size":"","ocean_post_title_height":0,"ocean_post_title_bg_overlay":0.5,"ocean_post_title_bg_overlay_color":"","ocean_disable_breadcrumbs":"default","ocean_breadcrumbs_color":"","ocean_breadcrumbs_separator_color":"","ocean_breadcrumbs_links_color":"","ocean_breadcrumbs_links_hover_color":"","ocean_display_footer_widgets":"default","ocean_display_footer_bottom":"default","ocean_custom_footer_template":"0","_joinchat":[],"footnotes":""},"class_list":["post-805","page","type-page","status-publish","hentry","entry"],"_links":{"self":[{"href":"https:\/\/semty.mx\/ctemty.mx\/wp-json\/wp\/v2\/pages\/805","targetHints":{"allow":["GET"]}}],"collection":[{"href":"https:\/\/semty.mx\/ctemty.mx\/wp-json\/wp\/v2\/pages"}],"about":[{"href":"https:\/\/semty.mx\/ctemty.mx\/wp-json\/wp\/v2\/types\/page"}],"author":[{"embeddable":true,"href":"https:\/\/semty.mx\/ctemty.mx\/wp-json\/wp\/v2\/users\/3"}],"replies":[{"embeddable":true,"href":"https:\/\/semty.mx\/ctemty.mx\/wp-json\/wp\/v2\/comments?post=805"}],"version-history":[{"count":4,"href":"https:\/\/semty.mx\/ctemty.mx\/wp-json\/wp\/v2\/pages\/805\/revisions"}],"predecessor-version":[{"id":811,"href":"https:\/\/semty.mx\/ctemty.mx\/wp-json\/wp\/v2\/pages\/805\/revisions\/811"}],"wp:attachment":[{"href":"https:\/\/semty.mx\/ctemty.mx\/wp-json\/wp\/v2\/media?parent=805"}],"curies":[{"name":"wp","href":"https:\/\/api.w.org\/{rel}","templated":true}]}}