{"id":795,"date":"2025-12-06T20:45:25","date_gmt":"2025-12-06T20:45:25","guid":{"rendered":"https:\/\/semty.mx\/ctemty.mx\/?page_id=795"},"modified":"2025-12-06T20:45:25","modified_gmt":"2025-12-06T20:45:25","slug":"taller-de-soldadura-manual-smt-y-pth","status":"publish","type":"page","link":"https:\/\/semty.mx\/ctemty.mx\/taller-de-soldadura-manual-smt-y-pth\/","title":{"rendered":"Taller de Soldadura Manual SMT y PTH"},"content":{"rendered":"\t\t<div data-elementor-type=\"wp-page\" data-elementor-id=\"795\" class=\"elementor elementor-795\">\n\t\t\t\t<div class=\"elementor-element elementor-element-e97a5a5 e-con-full e-flex e-con e-parent\" data-id=\"e97a5a5\" data-element_type=\"container\" data-e-type=\"container\" data-settings=\"{&quot;background_background&quot;:&quot;classic&quot;}\">\n\t\t\t\t<\/div>\n\t\t<div class=\"elementor-element elementor-element-d512ad3 e-flex e-con-boxed e-con e-parent\" data-id=\"d512ad3\" data-element_type=\"container\" data-e-type=\"container\">\n\t\t\t\t\t<div class=\"e-con-inner\">\n\t\t\t\t<div class=\"elementor-element elementor-element-307bf05 elementor-widget elementor-widget-text-editor\" data-id=\"307bf05\" data-element_type=\"widget\" data-e-type=\"widget\" data-widget_type=\"text-editor.default\">\n\t\t\t\t\t\t\t\t\t<div class=\"curso-container\"><h1 class=\"curso-titulo titulo-azul\">Curso Soldadura Manual SMT y PTH<\/h1><div class=\"inscripciones\">\u00a1\u00a1\u00a1INSCRIPCIONES ABIERTAS!!!<\/div><\/div><p><a href=\"https:\/\/semty.mx\/ctemty.mx\/wp-content\/uploads\/2025\/12\/soldadura-smt.png\"><img fetchpriority=\"high\" decoding=\"async\" class=\"aligncenter wp-image-796 size-full\" src=\"https:\/\/semty.mx\/ctemty.mx\/wp-content\/uploads\/2025\/12\/soldadura-smt.png\" alt=\"\" width=\"1024\" height=\"386\" srcset=\"https:\/\/semty.mx\/ctemty.mx\/wp-content\/uploads\/2025\/12\/soldadura-smt.png 1024w, https:\/\/semty.mx\/ctemty.mx\/wp-content\/uploads\/2025\/12\/soldadura-smt-300x113.png 300w, https:\/\/semty.mx\/ctemty.mx\/wp-content\/uploads\/2025\/12\/soldadura-smt-768x290.png 768w\" sizes=\"(max-width: 1024px) 100vw, 1024px\" \/><\/a><\/p><div class=\"curso-container\"><p>Pr\u00f3ximo Inicio<\/p><div class=\"seccion\"><h1><strong>Enero del 2026<\/strong><\/h1><\/div><div class=\"seccion\"><h3 class=\"titulo-azul\">Duraci\u00f3n y Horarios<\/h3><h2><strong>4 semanas<\/strong><br \/><strong>Horarios de sesiones:<\/strong><\/h2><h2><strong>Martes: 9:00 A.M.\u00a0 a 1:00 P.M. y de 2:00 P.M. a 6:00 P.M.<\/strong><br \/><strong>Jueves: 9:00 A.M.\u00a0 a 1:00 P.M. y de 2:00 P.M. a 6:00 P.M.<\/strong><br \/><strong>S\u00e1bados: 9:00 A.M.\u00a0 a 1:00 P.M. y de 2:00 P.M. a 6:00 P.M.<\/strong><\/h2><\/div><div class=\"seccion\"><h3 class=\"titulo-azul\">Costo<\/h3><table><tbody><tr><th>Concepto<\/th><th>Precio<\/th><\/tr><tr><td>Inscripci\u00f3n<\/td><td>$600.00<\/td><\/tr><tr><td>Curso<\/td><td>$2,400.00<\/td><\/tr><tr><td>Manual<\/td><td>$350.00<\/td><\/tr><\/tbody><\/table><\/div><h2 class=\"seccion\"><strong>Para iniciar en la fecha programada es necesario que se inscriban al menos 5 participantes.<\/strong><br \/><span style=\"color: #0000ff;\">Forma parte de este grupo \u00a1Inscr\u00edbete ya!<\/span><br \/><a href=\"https:\/\/semty.mx\/ctemty.mx\/contacto\/\"><br \/><button>Inscribirse<\/button><br \/><\/a><\/h2><div class=\"seccion\"><h3 class=\"titulo-azul\">Objetivo del Curso<\/h3><p data-start=\"404\" data-end=\"773\">Desarrollar en los participantes las competencias t\u00e9cnicas y pr\u00e1cticas necesarias para realizar procesos de soldadura manual <strong data-start=\"303\" data-end=\"337\">SMT (Surface Mount Technology)<\/strong> y <strong data-start=\"340\" data-end=\"369\">PTH (Plated Through Hole)<\/strong> en ensambles electr\u00f3nicos, aplicando procedimientos seguros de manipulaci\u00f3n, control t\u00e9rmico, inspecci\u00f3n y retrabajo, con base en lineamientos profesionales de aceptabilidad y calidad, con el fin de asegurar un ensamble funcional, limpio, confiable y libre de defectos cr\u00edticos<\/p><p data-start=\"775\" data-end=\"1282\">El taller est\u00e1 dirigido tanto a <strong>personas sin conocimiento previo como a quienes desean actualizar sus habilidades en soldadura electr\u00f3nica<\/strong>. Al finalizar, el participante ser\u00e1 capaz de identificar componentes SMT y PTH, preparar adecuadamente su \u00e1rea de trabajo <strong>con control ESD<\/strong>, aplicar t\u00e9cnicas correctas de soldadura y retrabajo con caut\u00edn y aire caliente, inspeccionar un ensamble con <strong>criterios b\u00e1sicos de aceptabilidad<\/strong> y limpieza, as\u00ed como corregir fallas comunes y registrar su proceso mediante una bit\u00e1cora t\u00e9cnica sencilla.<\/p><\/div><div class=\"seccion\"><div class=\"temario\"><div class=\"temario-column\"><br \/><table style=\"height: 1572px;\" width=\"817\"><thead><tr><th>\u00a0Semana<\/th><th>Tema<\/th><th>Actividades<\/th><\/tr><\/thead><tbody><tr><td>Semana 1<\/td><td>Fundamentos, seguridad y teor\u00eda<\/td><td><ul><li>\u00bfQu\u00e9 es SMT y qu\u00e9 es PTH?<\/li><li>Diferencias b\u00e1sicas y aplicaciones industriales.<\/li><li>Introducci\u00f3n a est\u00e1ndares IPC (solo referencial):<ul><li>IPC-A-610 Aceptabilidad de Ensambles<\/li><li>IPC-J-STD-001 Requisitos de Soldadura<\/li><li>IPC-7711\/21 Retrabajo y reparaci\u00f3n<\/li><\/ul><\/li><li>Tipos de soldadura: Sn-Pb, SAC305<\/li><li>Tipos de flux: RMA, No Clean, Water Soluble<\/li><li>Clasificaci\u00f3n de terminales y componentes:<ul><li>0402, 0603, 0805, SOT, SOIC, TQFP, QFN, BGA<\/li><li>Resistencias, capacitores, inductores, MOSFET, reguladores<\/li><\/ul><\/li><li>ESD y control de humedad:<ul><li>Tapete antiest\u00e1tico<\/li><li>Pulsera ESD<\/li><li>Horneado de componentes<\/li><\/ul><\/li><li>Puesta a punto de estaci\u00f3n de soldadura: 350\u2013380 \u00b0C<\/li><li>Uso correcto del caut\u00edn, puntas, esponja y lat\u00f3n<\/li><li>Aplicaci\u00f3n correcta de flux<\/li><\/ul><\/td><\/tr><tr><td>Semana 2<\/td><td>Soldadura SMT b\u00e1sica<\/td><td><ul><li>Direcci\u00f3n de montaje, polaridades (diodos, LED, ICs)<\/li><li>Selecci\u00f3n de punta seg\u00fan componente<\/li><li>Control de temperatura y termo\u2013perfil manual<\/li><li>Fallas comunes SMT:<ul><li>Puentes<\/li><li>Faltas de mojado<\/li><li>Tombstone \/ soldado tipo l\u00e1pida<\/li><li>Exceso de soldadura<\/li><li>Cr\u00e1teres, voids, cold joints<\/li><\/ul><\/li><li>Colocaci\u00f3n manual con pinzas en PCB<\/li><li>Soldadura con drag soldering (arrastre) para SOIC y SOT<\/li><li>Reparaci\u00f3n de puentes con malla desoldante<\/li><li>Retiro de componente SMD con aire caliente<\/li><\/ul><\/td><\/tr><tr><td>Semana 3<\/td><td>Soldadura PTH y potencia<\/td><td><ul><li>C\u00f3mo fluye la soldadura en orificios metalizados<\/li><li>Manejo de masa t\u00e9rmica (componentes de potencia)<\/li><li>Identificaci\u00f3n de almohadillas cr\u00edticas seg\u00fan IPC<\/li><li>Fallas m\u00e1s comunes PTH:<ul><li>Soldadura fr\u00eda<\/li><li>Falta de mojado<\/li><li>Incompleto del barril<\/li><li>Grietas por expansi\u00f3n t\u00e9rmica<\/li><\/ul><\/li><li>Soldadura de headers, borneras, etc<\/li><li>Integraci\u00f3n de reguladores lineales y MOSFET<\/li><li>Corte de terminales y limpieza con isoprop\u00edlico<\/li><li>Retrabajo con bomba y malla<\/li><\/ul><\/td><\/tr><tr><td>Semana 4<\/td><td>Retrabajo, inspecci\u00f3n IPC y proyecto final<\/td><td><ul><li>Criterios de aceptabilidad<ul><li><strong>Clase 1 \u2013 Electr\u00f3nica general<\/strong><\/li><li><strong>Clase 2 \u2013 Electr\u00f3nica profesional \/ industrial<\/strong><\/li><\/ul><\/li><li>C\u00f3mo documentar inspecci\u00f3n (checklist IPC)<\/li><li>Microscop\u00eda e identificaci\u00f3n de defectos cr\u00edticos<\/li><li><strong data-start=\"3803\" data-end=\"3816\">Proyecto:<\/strong> ensamblar un m\u00f3dulo electr\u00f3nico mixto SMT + PTH<br data-start=\"3864\" data-end=\"3867\" \/>Componentes:<ul><li>LED SMD 0603 + resistencia 0402<\/li><li>Regulador lineal<\/li><li>MOSFET SMD<\/li><li>Conector PTH<\/li><li>Capacitor electrol\u00edtico<\/li><li>QFP: t\u00e9cnica de <strong data-start=\"4025\" data-end=\"4048\">drag soldering fino<\/strong><\/li><li>SOIC: levantamiento y limpieza profesional<\/li><\/ul><\/li><\/ul><\/td><\/tr><\/tbody><\/table><\/div><\/div><\/div><div class=\"seccion\"><h3 class=\"titulo-azul\">Ubicaci\u00f3n e Instalaciones<\/h3><p>Los invitamos a conocer las instalaciones de CTE y ver el contenido y materiales con los que se trabajar\u00e1 en el desarrollo del curso.<\/p><p>Estamos ubicados en Keramos 314, Colonia del Prado, zona detr\u00e1s de la Plaza de Toros Monumental Monterrey, a 5 minutos de la UNI.<\/p><p>Tel\u00e9fono: 81 8372 4777<\/p><p>WhatsApp: +52 990 392 0034<\/p><\/div><div class=\"seccion\"><h3 class=\"titulo-azul\">Requisitos<\/h3><ul><li>A partir de 15 a\u00f1os<\/li><li>Cautin, Soldadura, extractor, malla y pasta<\/li><\/ul><\/div><div class=\"seccion\"><h3 class=\"titulo-azul\">Formas de pago<\/h3><p>Puede realizar el pago en nuestras instalaciones, hacer dep\u00f3sito o transferencia bancaria (solicitar datos por correo).<\/p><p>Tenemos la opci\u00f3n de pagar el curso en pagos semanales.<\/p><p class=\"nota\">Pasada la segunda sesi\u00f3n de curso, si el estudiante decide no asistir, no hay devoluci\u00f3n de lo pagado.<\/p><\/div><\/div>\t\t\t\t\t\t\t\t<\/div>\n\t\t\t\t\t<\/div>\n\t\t\t\t<\/div>\n\t\t\t\t<\/div>\n\t\t","protected":false},"excerpt":{"rendered":"<p>Curso Soldadura Manual SMT y PTH \u00a1\u00a1\u00a1INSCRIPCIONES ABIERTAS!!! Pr\u00f3ximo Inicio Enero del 2026 Duraci\u00f3n y Horarios 4 semanas Horarios de sesiones: Martes: 9:00 A.M.\u00a0 a 1:00 P.M. y de 2:00 P.M. a 6:00 P.M. Jueves: 9:00 A.M.\u00a0 a 1:00 P.M. y de 2:00 P.M. a 6:00 P.M. S\u00e1bados: 9:00 A.M.\u00a0 a 1:00 P.M. y de [&hellip;]<\/p>\n","protected":false},"author":3,"featured_media":0,"parent":0,"menu_order":0,"comment_status":"closed","ping_status":"closed","template":"elementor_header_footer","meta":{"ocean_post_layout":"","ocean_both_sidebars_style":"","ocean_both_sidebars_content_width":0,"ocean_both_sidebars_sidebars_width":0,"ocean_sidebar":"0","ocean_second_sidebar":"0","ocean_disable_margins":"enable","ocean_add_body_class":"","ocean_shortcode_before_top_bar":"","ocean_shortcode_after_top_bar":"","ocean_shortcode_before_header":"","ocean_shortcode_after_header":"","ocean_has_shortcode":"","ocean_shortcode_after_title":"","ocean_shortcode_before_footer_widgets":"","ocean_shortcode_after_footer_widgets":"","ocean_shortcode_before_footer_bottom":"","ocean_shortcode_after_footer_bottom":"","ocean_display_top_bar":"default","ocean_display_header":"default","ocean_header_style":"","ocean_center_header_left_menu":"0","ocean_custom_header_template":"0","ocean_custom_logo":0,"ocean_custom_retina_logo":0,"ocean_custom_logo_max_width":0,"ocean_custom_logo_tablet_max_width":0,"ocean_custom_logo_mobile_max_width":0,"ocean_custom_logo_max_height":0,"ocean_custom_logo_tablet_max_height":0,"ocean_custom_logo_mobile_max_height":0,"ocean_header_custom_menu":"0","ocean_menu_typo_font_family":"0","ocean_menu_typo_font_subset":"","ocean_menu_typo_font_size":0,"ocean_menu_typo_font_size_tablet":0,"ocean_menu_typo_font_size_mobile":0,"ocean_menu_typo_font_size_unit":"px","ocean_menu_typo_font_weight":"","ocean_menu_typo_font_weight_tablet":"","ocean_menu_typo_font_weight_mobile":"","ocean_menu_typo_transform":"","ocean_menu_typo_transform_tablet":"","ocean_menu_typo_transform_mobile":"","ocean_menu_typo_line_height":0,"ocean_menu_typo_line_height_tablet":0,"ocean_menu_typo_line_height_mobile":0,"ocean_menu_typo_line_height_unit":"","ocean_menu_typo_spacing":0,"ocean_menu_typo_spacing_tablet":0,"ocean_menu_typo_spacing_mobile":0,"ocean_menu_typo_spacing_unit":"","ocean_menu_link_color":"","ocean_menu_link_color_hover":"","ocean_menu_link_color_active":"","ocean_menu_link_background":"","ocean_menu_link_hover_background":"","ocean_menu_link_active_background":"","ocean_menu_social_links_bg":"","ocean_menu_social_hover_links_bg":"","ocean_menu_social_links_color":"","ocean_menu_social_hover_links_color":"","ocean_disable_title":"on","ocean_disable_heading":"default","ocean_post_title":"","ocean_post_subheading":"","ocean_post_title_style":"","ocean_post_title_background_color":"","ocean_post_title_background":0,"ocean_post_title_bg_image_position":"","ocean_post_title_bg_image_attachment":"","ocean_post_title_bg_image_repeat":"","ocean_post_title_bg_image_size":"","ocean_post_title_height":0,"ocean_post_title_bg_overlay":0.5,"ocean_post_title_bg_overlay_color":"","ocean_disable_breadcrumbs":"default","ocean_breadcrumbs_color":"","ocean_breadcrumbs_separator_color":"","ocean_breadcrumbs_links_color":"","ocean_breadcrumbs_links_hover_color":"","ocean_display_footer_widgets":"default","ocean_display_footer_bottom":"default","ocean_custom_footer_template":"0","_joinchat":[],"footnotes":""},"class_list":["post-795","page","type-page","status-publish","hentry","entry"],"_links":{"self":[{"href":"https:\/\/semty.mx\/ctemty.mx\/wp-json\/wp\/v2\/pages\/795","targetHints":{"allow":["GET"]}}],"collection":[{"href":"https:\/\/semty.mx\/ctemty.mx\/wp-json\/wp\/v2\/pages"}],"about":[{"href":"https:\/\/semty.mx\/ctemty.mx\/wp-json\/wp\/v2\/types\/page"}],"author":[{"embeddable":true,"href":"https:\/\/semty.mx\/ctemty.mx\/wp-json\/wp\/v2\/users\/3"}],"replies":[{"embeddable":true,"href":"https:\/\/semty.mx\/ctemty.mx\/wp-json\/wp\/v2\/comments?post=795"}],"version-history":[{"count":7,"href":"https:\/\/semty.mx\/ctemty.mx\/wp-json\/wp\/v2\/pages\/795\/revisions"}],"predecessor-version":[{"id":803,"href":"https:\/\/semty.mx\/ctemty.mx\/wp-json\/wp\/v2\/pages\/795\/revisions\/803"}],"wp:attachment":[{"href":"https:\/\/semty.mx\/ctemty.mx\/wp-json\/wp\/v2\/media?parent=795"}],"curies":[{"name":"wp","href":"https:\/\/api.w.org\/{rel}","templated":true}]}}