{"id":658,"date":"2025-10-13T00:24:41","date_gmt":"2025-10-13T00:24:41","guid":{"rendered":"https:\/\/semty.mx\/ctemty.mx\/?page_id=658"},"modified":"2025-10-13T00:25:10","modified_gmt":"2025-10-13T00:25:10","slug":"maestros-2","status":"publish","type":"page","link":"https:\/\/semty.mx\/ctemty.mx\/maestros-2\/","title":{"rendered":"Maestros"},"content":{"rendered":"\t\t<div data-elementor-type=\"wp-page\" data-elementor-id=\"658\" class=\"elementor elementor-658\">\n\t\t\t\t<div class=\"elementor-element elementor-element-e97a5a5 e-con-full e-flex e-con e-parent\" data-id=\"e97a5a5\" data-element_type=\"container\" data-e-type=\"container\" data-settings=\"{&quot;background_background&quot;:&quot;classic&quot;}\">\n\t\t\t\t<\/div>\n\t\t<div class=\"elementor-element elementor-element-d512ad3 e-flex e-con-boxed e-con e-parent\" data-id=\"d512ad3\" data-element_type=\"container\" data-e-type=\"container\">\n\t\t\t\t\t<div class=\"e-con-inner\">\n\t\t\t\t<div class=\"elementor-element elementor-element-307bf05 elementor-widget elementor-widget-text-editor\" data-id=\"307bf05\" data-element_type=\"widget\" data-e-type=\"widget\" data-widget_type=\"text-editor.default\">\n\t\t\t\t\t\t\t\t\t<!DOCTYPE html>\n<html lang=\"es\">\n<head>\n  <meta charset=\"UTF-8\" \/>\n  <meta name=\"viewport\" content=\"width=device-width, initial-scale=1\" \/>\n  <title>Formaci\u00f3n de Maestros<\/title>\n  <link rel=\"stylesheet\" href=\"formacion-maestros.css\" \/>\n<\/head>\n<body>\n  <section class=\"formacion-container\">\n    <h1 class=\"formacion-titulo\">Maestros<\/h1>\n\n    <div class=\"formacion-seccion\">\n      <p>Una de las metas que nos marcamos en CTE es contribuir de manera activa en la ardua tarea de la formaci\u00f3n de los profesores de ciencias. Dentro de su formaci\u00f3n psicopedag\u00f3gica inicial, los profesores de educaci\u00f3n b\u00e1sica en M\u00e9xico no cuentan con las metodolog\u00edas adecuadas para la impartici\u00f3n de esta materia. La mayor\u00eda recurre al \u201csentido com\u00fan\u201d en la pr\u00e1ctica diaria; es necesario generar en ellos la necesidad de una formaci\u00f3n continua.<\/p>\n      <p>Todos los profesores deben ser conscientes de que una formaci\u00f3n continua implica una transformaci\u00f3n continua, especialmente en las ideas tradicionalistas en la educaci\u00f3n.<\/p>\n      <p>Creemos que un buen profesor debe conocer, adem\u00e1s de su disciplina, los puntos de vista vigentes sobre la ense\u00f1anza de las ciencias para, tras un an\u00e1lisis cr\u00edtico, adaptar lo valioso, corregir lo deficitario y aportar nuevas ideas y puntos de vista en un proceso de experimentaci\u00f3n continuado.<\/p>\n    <\/div>\n\n    <div class=\"formacion-seccion\">\n      <h2 class=\"formacion-subtitulo\">Curso: Como ense\u00f1ar Ciencias<\/h2>\n      <p>Este curso tiene como objetivo ofrecer una amplia gama de posibilidades \u00fatiles no solo para el profesor de ciencias, sino para cualquier interesado en mejorar la impartici\u00f3n de sus cursos.<\/p>\n      <p>Durante el desarrollo se abordan los aspectos cr\u00edticos del proceso de ense\u00f1anza-aprendizaje y los errores comunes en la ense\u00f1anza de las ciencias. Se incluyen t\u00e9cnicas de ense\u00f1anza, desarrollo de contenidos y evaluaci\u00f3n del conocimiento. Los participantes ser\u00e1n expuestos a nuevas propuestas que mejorar\u00e1n significativamente su labor docente diaria.<\/p>\n    <\/div>\n  <\/section>\n<\/body>\n<\/html>\n\t\t\t\t\t\t\t\t<\/div>\n\t\t\t\t\t<\/div>\n\t\t\t\t<\/div>\n\t\t\t\t<\/div>\n\t\t","protected":false},"excerpt":{"rendered":"<p>Formaci\u00f3n de Maestros Maestros Una de las metas que nos marcamos en CTE es contribuir de manera activa en la ardua tarea de la formaci\u00f3n de los profesores de ciencias. Dentro de su formaci\u00f3n psicopedag\u00f3gica inicial, los profesores de educaci\u00f3n b\u00e1sica en M\u00e9xico no cuentan con las metodolog\u00edas adecuadas para la impartici\u00f3n de esta materia. [&hellip;]<\/p>\n","protected":false},"author":4,"featured_media":0,"parent":0,"menu_order":0,"comment_status":"closed","ping_status":"closed","template":"elementor_header_footer","meta":{"ocean_post_layout":"","ocean_both_sidebars_style":"","ocean_both_sidebars_content_width":0,"ocean_both_sidebars_sidebars_width":0,"ocean_sidebar":"0","ocean_second_sidebar":"0","ocean_disable_margins":"enable","ocean_add_body_class":"","ocean_shortcode_before_top_bar":"","ocean_shortcode_after_top_bar":"","ocean_shortcode_before_header":"","ocean_shortcode_after_header":"","ocean_has_shortcode":"","ocean_shortcode_after_title":"","ocean_shortcode_before_footer_widgets":"","ocean_shortcode_after_footer_widgets":"","ocean_shortcode_before_footer_bottom":"","ocean_shortcode_after_footer_bottom":"","ocean_display_top_bar":"default","ocean_display_header":"default","ocean_header_style":"","ocean_center_header_left_menu":"0","ocean_custom_header_template":"0","ocean_custom_logo":0,"ocean_custom_retina_logo":0,"ocean_custom_logo_max_width":0,"ocean_custom_logo_tablet_max_width":0,"ocean_custom_logo_mobile_max_width":0,"ocean_custom_logo_max_height":0,"ocean_custom_logo_tablet_max_height":0,"ocean_custom_logo_mobile_max_height":0,"ocean_header_custom_menu":"0","ocean_menu_typo_font_family":"0","ocean_menu_typo_font_subset":"","ocean_menu_typo_font_size":0,"ocean_menu_typo_font_size_tablet":0,"ocean_menu_typo_font_size_mobile":0,"ocean_menu_typo_font_size_unit":"px","ocean_menu_typo_font_weight":"","ocean_menu_typo_font_weight_tablet":"","ocean_menu_typo_font_weight_mobile":"","ocean_menu_typo_transform":"","ocean_menu_typo_transform_tablet":"","ocean_menu_typo_transform_mobile":"","ocean_menu_typo_line_height":0,"ocean_menu_typo_line_height_tablet":0,"ocean_menu_typo_line_height_mobile":0,"ocean_menu_typo_line_height_unit":"","ocean_menu_typo_spacing":0,"ocean_menu_typo_spacing_tablet":0,"ocean_menu_typo_spacing_mobile":0,"ocean_menu_typo_spacing_unit":"","ocean_menu_link_color":"","ocean_menu_link_color_hover":"","ocean_menu_link_color_active":"","ocean_menu_link_background":"","ocean_menu_link_hover_background":"","ocean_menu_link_active_background":"","ocean_menu_social_links_bg":"","ocean_menu_social_hover_links_bg":"","ocean_menu_social_links_color":"","ocean_menu_social_hover_links_color":"","ocean_disable_title":"on","ocean_disable_heading":"default","ocean_post_title":"","ocean_post_subheading":"","ocean_post_title_style":"","ocean_post_title_background_color":"","ocean_post_title_background":0,"ocean_post_title_bg_image_position":"","ocean_post_title_bg_image_attachment":"","ocean_post_title_bg_image_repeat":"","ocean_post_title_bg_image_size":"","ocean_post_title_height":0,"ocean_post_title_bg_overlay":0.5,"ocean_post_title_bg_overlay_color":"","ocean_disable_breadcrumbs":"default","ocean_breadcrumbs_color":"","ocean_breadcrumbs_separator_color":"","ocean_breadcrumbs_links_color":"","ocean_breadcrumbs_links_hover_color":"","ocean_display_footer_widgets":"default","ocean_display_footer_bottom":"default","ocean_custom_footer_template":"0","_joinchat":[],"footnotes":""},"class_list":["post-658","page","type-page","status-publish","hentry","entry"],"_links":{"self":[{"href":"https:\/\/semty.mx\/ctemty.mx\/wp-json\/wp\/v2\/pages\/658","targetHints":{"allow":["GET"]}}],"collection":[{"href":"https:\/\/semty.mx\/ctemty.mx\/wp-json\/wp\/v2\/pages"}],"about":[{"href":"https:\/\/semty.mx\/ctemty.mx\/wp-json\/wp\/v2\/types\/page"}],"author":[{"embeddable":true,"href":"https:\/\/semty.mx\/ctemty.mx\/wp-json\/wp\/v2\/users\/4"}],"replies":[{"embeddable":true,"href":"https:\/\/semty.mx\/ctemty.mx\/wp-json\/wp\/v2\/comments?post=658"}],"version-history":[{"count":4,"href":"https:\/\/semty.mx\/ctemty.mx\/wp-json\/wp\/v2\/pages\/658\/revisions"}],"predecessor-version":[{"id":662,"href":"https:\/\/semty.mx\/ctemty.mx\/wp-json\/wp\/v2\/pages\/658\/revisions\/662"}],"wp:attachment":[{"href":"https:\/\/semty.mx\/ctemty.mx\/wp-json\/wp\/v2\/media?parent=658"}],"curies":[{"name":"wp","href":"https:\/\/api.w.org\/{rel}","templated":true}]}}