{"id":649,"date":"2025-10-13T00:19:18","date_gmt":"2025-10-13T00:19:18","guid":{"rendered":"https:\/\/semty.mx\/ctemty.mx\/?page_id=649"},"modified":"2025-10-13T00:19:42","modified_gmt":"2025-10-13T00:19:42","slug":"instituciones-educativas-2","status":"publish","type":"page","link":"https:\/\/semty.mx\/ctemty.mx\/instituciones-educativas-2\/","title":{"rendered":"Instituciones Educativas"},"content":{"rendered":"\t\t<div data-elementor-type=\"wp-page\" data-elementor-id=\"649\" class=\"elementor elementor-649\">\n\t\t\t\t<div class=\"elementor-element elementor-element-e97a5a5 e-con-full e-flex e-con e-parent\" data-id=\"e97a5a5\" data-element_type=\"container\" data-e-type=\"container\" data-settings=\"{&quot;background_background&quot;:&quot;classic&quot;}\">\n\t\t\t\t<\/div>\n\t\t<div class=\"elementor-element elementor-element-d512ad3 e-flex e-con-boxed e-con e-parent\" data-id=\"d512ad3\" data-element_type=\"container\" data-e-type=\"container\">\n\t\t\t\t\t<div class=\"e-con-inner\">\n\t\t\t\t<div class=\"elementor-element elementor-element-307bf05 elementor-widget elementor-widget-text-editor\" data-id=\"307bf05\" data-element_type=\"widget\" data-e-type=\"widget\" data-widget_type=\"text-editor.default\">\n\t\t\t\t\t\t\t\t\t<!DOCTYPE html>\n<html lang=\"es\">\n<head>\n  <meta charset=\"UTF-8\" \/>\n  <meta name=\"viewport\" content=\"width=device-width, initial-scale=1\" \/>\n  <title>Instituciones Educativas<\/title>\n  <link rel=\"stylesheet\" href=\"instituciones.css\" \/>\n<\/head>\n<body>\n  <section class=\"instituciones-container\">\n    <h1 class=\"instituciones-titulo\">Instituciones Educativas<\/h1>\n\n    <div class=\"instituciones-seccion\">\n      <h2 class=\"instituciones-subtitulo\">Creaci\u00f3n del programa de ciencias<\/h2>\n      <p>Creaci\u00f3n del programa de ciencias seg\u00fan la visi\u00f3n y filosof\u00eda de su instituci\u00f3n.<\/p>\n      <p>En la actualidad es de vital importancia que una instituci\u00f3n cuente con un programa de ciencias formalmente establecido, acorde a cada uno de los grados educativos que se imparten. CTE ofrece asesor\u00eda para crear un programa acorde a las pol\u00edticas y objetivos propios de la instituci\u00f3n.<\/p>\n    <\/div>\n\n    <div class=\"instituciones-seccion\">\n      <h2 class=\"instituciones-subtitulo\">L\u00ednea de proyectos educativos<\/h2>\n      <p>Contamos con una l\u00ednea de proyectos educativos ya desarrollados para incorporarlos en las pr\u00e1cticas de su instituci\u00f3n y reforzar as\u00ed el conocimiento de los estudiantes.<\/p>\n    <\/div>\n\n    <div class=\"instituciones-seccion\">\n      <h2 class=\"instituciones-subtitulo\">Materiales para experimentos<\/h2>\n      <p>Disponemos de materiales que enriquecen la labor docente al explicar leyes de f\u00edsica, electricidad y magnetismo, tales como imanes, alambre magneto, barras de cobre, foquitos, leds, transformadores, barras de aluminio, barras de zinc, ferritas, electrodos, componentes el\u00e9ctricos y electr\u00f3nicos, celdas solares, peque\u00f1os motores, entre otros.<\/p>\n    <\/div>\n\n    <div class=\"instituciones-seccion\">\n      <h2 class=\"instituciones-subtitulo\">Feria de ciencias<\/h2>\n      <p>La instituci\u00f3n puede asignar un d\u00eda para llevar a cabo la feria de ciencias en sus instalaciones. Nosotros proveemos los materiales y personal para realizar el evento.<\/p>\n    <\/div>\n\n    <div class=\"instituciones-seccion\">\n      <h2 class=\"instituciones-subtitulo\">Capacitaci\u00f3n a personal docente<\/h2>\n      <p>Ofrecemos un curso para desarrollar habilidades en sus maestros para ense\u00f1ar ciencias correctamente, rompiendo el paradigma de que las ciencias son dif\u00edciles de ense\u00f1ar y aprender. El curso puede impartirse en sus instalaciones para mayor comodidad.<\/p>\n      <h3 class=\"instituciones-subtitulo-peque\">Curso: Como ense\u00f1ar Ciencias<\/h3>\n      <p>El curso aborda aspectos cr\u00edticos del proceso de ense\u00f1anza-aprendizaje y errores comunes de los profesores, incluyendo t\u00e9cnicas de ense\u00f1anza, desarrollo de contenidos y evaluaci\u00f3n. Los participantes reciben nuevas propuestas para mejorar su desempe\u00f1o docente diario.<\/p>\n    <\/div>\n  <\/section>\n<\/body>\n<\/html>\n\t\t\t\t\t\t\t\t<\/div>\n\t\t\t\t\t<\/div>\n\t\t\t\t<\/div>\n\t\t\t\t<\/div>\n\t\t","protected":false},"excerpt":{"rendered":"<p>Instituciones Educativas Instituciones Educativas Creaci\u00f3n del programa de ciencias Creaci\u00f3n del programa de ciencias seg\u00fan la visi\u00f3n y filosof\u00eda de su instituci\u00f3n. En la actualidad es de vital importancia que una instituci\u00f3n cuente con un programa de ciencias formalmente establecido, acorde a cada uno de los grados educativos que se imparten. CTE ofrece asesor\u00eda para [&hellip;]<\/p>\n","protected":false},"author":4,"featured_media":0,"parent":0,"menu_order":0,"comment_status":"closed","ping_status":"closed","template":"elementor_header_footer","meta":{"ocean_post_layout":"","ocean_both_sidebars_style":"","ocean_both_sidebars_content_width":0,"ocean_both_sidebars_sidebars_width":0,"ocean_sidebar":"0","ocean_second_sidebar":"0","ocean_disable_margins":"enable","ocean_add_body_class":"","ocean_shortcode_before_top_bar":"","ocean_shortcode_after_top_bar":"","ocean_shortcode_before_header":"","ocean_shortcode_after_header":"","ocean_has_shortcode":"","ocean_shortcode_after_title":"","ocean_shortcode_before_footer_widgets":"","ocean_shortcode_after_footer_widgets":"","ocean_shortcode_before_footer_bottom":"","ocean_shortcode_after_footer_bottom":"","ocean_display_top_bar":"default","ocean_display_header":"default","ocean_header_style":"","ocean_center_header_left_menu":"0","ocean_custom_header_template":"0","ocean_custom_logo":0,"ocean_custom_retina_logo":0,"ocean_custom_logo_max_width":0,"ocean_custom_logo_tablet_max_width":0,"ocean_custom_logo_mobile_max_width":0,"ocean_custom_logo_max_height":0,"ocean_custom_logo_tablet_max_height":0,"ocean_custom_logo_mobile_max_height":0,"ocean_header_custom_menu":"0","ocean_menu_typo_font_family":"0","ocean_menu_typo_font_subset":"","ocean_menu_typo_font_size":0,"ocean_menu_typo_font_size_tablet":0,"ocean_menu_typo_font_size_mobile":0,"ocean_menu_typo_font_size_unit":"px","ocean_menu_typo_font_weight":"","ocean_menu_typo_font_weight_tablet":"","ocean_menu_typo_font_weight_mobile":"","ocean_menu_typo_transform":"","ocean_menu_typo_transform_tablet":"","ocean_menu_typo_transform_mobile":"","ocean_menu_typo_line_height":0,"ocean_menu_typo_line_height_tablet":0,"ocean_menu_typo_line_height_mobile":0,"ocean_menu_typo_line_height_unit":"","ocean_menu_typo_spacing":0,"ocean_menu_typo_spacing_tablet":0,"ocean_menu_typo_spacing_mobile":0,"ocean_menu_typo_spacing_unit":"","ocean_menu_link_color":"","ocean_menu_link_color_hover":"","ocean_menu_link_color_active":"","ocean_menu_link_background":"","ocean_menu_link_hover_background":"","ocean_menu_link_active_background":"","ocean_menu_social_links_bg":"","ocean_menu_social_hover_links_bg":"","ocean_menu_social_links_color":"","ocean_menu_social_hover_links_color":"","ocean_disable_title":"on","ocean_disable_heading":"default","ocean_post_title":"","ocean_post_subheading":"","ocean_post_title_style":"","ocean_post_title_background_color":"","ocean_post_title_background":0,"ocean_post_title_bg_image_position":"","ocean_post_title_bg_image_attachment":"","ocean_post_title_bg_image_repeat":"","ocean_post_title_bg_image_size":"","ocean_post_title_height":0,"ocean_post_title_bg_overlay":0.5,"ocean_post_title_bg_overlay_color":"","ocean_disable_breadcrumbs":"default","ocean_breadcrumbs_color":"","ocean_breadcrumbs_separator_color":"","ocean_breadcrumbs_links_color":"","ocean_breadcrumbs_links_hover_color":"","ocean_display_footer_widgets":"default","ocean_display_footer_bottom":"default","ocean_custom_footer_template":"0","_joinchat":[],"footnotes":""},"class_list":["post-649","page","type-page","status-publish","hentry","entry"],"_links":{"self":[{"href":"https:\/\/semty.mx\/ctemty.mx\/wp-json\/wp\/v2\/pages\/649","targetHints":{"allow":["GET"]}}],"collection":[{"href":"https:\/\/semty.mx\/ctemty.mx\/wp-json\/wp\/v2\/pages"}],"about":[{"href":"https:\/\/semty.mx\/ctemty.mx\/wp-json\/wp\/v2\/types\/page"}],"author":[{"embeddable":true,"href":"https:\/\/semty.mx\/ctemty.mx\/wp-json\/wp\/v2\/users\/4"}],"replies":[{"embeddable":true,"href":"https:\/\/semty.mx\/ctemty.mx\/wp-json\/wp\/v2\/comments?post=649"}],"version-history":[{"count":4,"href":"https:\/\/semty.mx\/ctemty.mx\/wp-json\/wp\/v2\/pages\/649\/revisions"}],"predecessor-version":[{"id":653,"href":"https:\/\/semty.mx\/ctemty.mx\/wp-json\/wp\/v2\/pages\/649\/revisions\/653"}],"wp:attachment":[{"href":"https:\/\/semty.mx\/ctemty.mx\/wp-json\/wp\/v2\/media?parent=649"}],"curies":[{"name":"wp","href":"https:\/\/api.w.org\/{rel}","templated":true}]}}