{"id":641,"date":"2025-10-13T00:14:13","date_gmt":"2025-10-13T00:14:13","guid":{"rendered":"https:\/\/semty.mx\/ctemty.mx\/?page_id=641"},"modified":"2025-10-13T00:17:23","modified_gmt":"2025-10-13T00:17:23","slug":"instalaciones-2","status":"publish","type":"page","link":"https:\/\/semty.mx\/ctemty.mx\/instalaciones-2\/","title":{"rendered":"Instalaciones"},"content":{"rendered":"\t\t<div data-elementor-type=\"wp-page\" data-elementor-id=\"641\" class=\"elementor elementor-641\">\n\t\t\t\t<div class=\"elementor-element elementor-element-e97a5a5 e-con-full e-flex e-con e-parent\" data-id=\"e97a5a5\" data-element_type=\"container\" data-e-type=\"container\" data-settings=\"{&quot;background_background&quot;:&quot;classic&quot;}\">\n\t\t\t\t<\/div>\n\t\t<div class=\"elementor-element elementor-element-c5bbf69 e-flex e-con-boxed e-con e-parent\" data-id=\"c5bbf69\" data-element_type=\"container\" data-e-type=\"container\">\n\t\t\t\t\t<div class=\"e-con-inner\">\n\t\t<div class=\"elementor-element elementor-element-7e350ee e-con-full e-flex e-con e-child\" data-id=\"7e350ee\" data-element_type=\"container\" data-e-type=\"container\">\n\t\t\t\t<div class=\"elementor-element elementor-element-19cf70a elementor-widget elementor-widget-image\" data-id=\"19cf70a\" data-element_type=\"widget\" data-e-type=\"widget\" data-widget_type=\"image.default\">\n\t\t\t\t\t\t\t\t\t\t\t\t\t\t\t<img fetchpriority=\"high\" decoding=\"async\" width=\"870\" height=\"180\" src=\"https:\/\/semty.mx\/ctemty.mx\/wp-content\/uploads\/2015\/01\/instalaciones1.jpg\" class=\"attachment-large size-large wp-image-81\" alt=\"\" srcset=\"https:\/\/semty.mx\/ctemty.mx\/wp-content\/uploads\/2015\/01\/instalaciones1.jpg 870w, https:\/\/semty.mx\/ctemty.mx\/wp-content\/uploads\/2015\/01\/instalaciones1-300x62.jpg 300w, https:\/\/semty.mx\/ctemty.mx\/wp-content\/uploads\/2015\/01\/instalaciones1-150x31.jpg 150w, https:\/\/semty.mx\/ctemty.mx\/wp-content\/uploads\/2015\/01\/instalaciones1-400x83.jpg 400w\" sizes=\"(max-width: 870px) 100vw, 870px\" \/>\t\t\t\t\t\t\t\t\t\t\t\t\t\t\t<\/div>\n\t\t\t\t<\/div>\n\t\t\t\t\t<\/div>\n\t\t\t\t<\/div>\n\t\t<div class=\"elementor-element elementor-element-d512ad3 e-flex e-con-boxed e-con e-parent\" data-id=\"d512ad3\" data-element_type=\"container\" data-e-type=\"container\">\n\t\t\t\t\t<div class=\"e-con-inner\">\n\t\t\t\t<div class=\"elementor-element elementor-element-307bf05 elementor-widget elementor-widget-text-editor\" data-id=\"307bf05\" data-element_type=\"widget\" data-e-type=\"widget\" data-widget_type=\"text-editor.default\">\n\t\t\t\t\t\t\t\t\t<!DOCTYPE html>\n<html lang=\"es\">\n<head>\n  <meta charset=\"UTF-8\" \/>\n  <meta name=\"viewport\" content=\"width=device-width, initial-scale=1\" \/>\n  <title>Nuestras instalaciones<\/title>\n  <link rel=\"stylesheet\" href=\"instalaciones.css\" \/>\n<\/head>\n<body>\n  <section class=\"instalaciones-main\">\n    <div class=\"instalaciones-contenido\">\n      <h1 class=\"instalaciones-titulo\">Nuestras instalaciones<\/h1>\n      <p class=\"instalaciones-descripcion\">\n        Nuestras c\u00f3modas instalaciones est\u00e1n ubicadas estrat\u00e9gicamente muy cerca del centro de Monterrey, a 5 minutos de la UNI y a 15 del TEC. Contamos con aulas adecuadamente climatizadas y confortables para que nuestra base de estudiantes obtenga el mejor aprovechamiento de las clases que se imparten.\n      <\/p>\n      <p class=\"instalaciones-info\">\n        Nuestros salones de clase est\u00e1n pensados para alojar como m\u00e1ximo a diez estudiantes por grupo, lo que repercute en un alto desempe\u00f1o en la obtenci\u00f3n de conocimientos.\n      <\/p>\n      <p class=\"instalaciones-info\">\n        Cada sal\u00f3n est\u00e1 equipado con el material y las computadoras necesarias para que nuestros estudiantes aprovechen los nuevos medios y tecnolog\u00edas de vanguardia.\n      <\/p>\n      <p class=\"instalaciones-firma\">\n        Hoy por hoy podemos asegurar que el Centro de Tecnolog\u00eda Electr\u00f3nica es una de las mejores opciones educativas en lo que a cursos tecnol\u00f3gicos se refiere.\n      <\/p>\n    <\/div>\n  <\/section>\n<\/body>\n<\/html>\n\t\t\t\t\t\t\t\t<\/div>\n\t\t\t\t\t<\/div>\n\t\t\t\t<\/div>\n\t\t\t\t<\/div>\n\t\t","protected":false},"excerpt":{"rendered":"<p>Nuestras instalaciones Nuestras instalaciones Nuestras c\u00f3modas instalaciones est\u00e1n ubicadas estrat\u00e9gicamente muy cerca del centro de Monterrey, a 5 minutos de la UNI y a 15 del TEC. Contamos con aulas adecuadamente climatizadas y confortables para que nuestra base de estudiantes obtenga el mejor aprovechamiento de las clases que se imparten. Nuestros salones de clase est\u00e1n [&hellip;]<\/p>\n","protected":false},"author":4,"featured_media":0,"parent":0,"menu_order":0,"comment_status":"closed","ping_status":"closed","template":"elementor_header_footer","meta":{"ocean_post_layout":"","ocean_both_sidebars_style":"","ocean_both_sidebars_content_width":0,"ocean_both_sidebars_sidebars_width":0,"ocean_sidebar":"0","ocean_second_sidebar":"0","ocean_disable_margins":"enable","ocean_add_body_class":"","ocean_shortcode_before_top_bar":"","ocean_shortcode_after_top_bar":"","ocean_shortcode_before_header":"","ocean_shortcode_after_header":"","ocean_has_shortcode":"","ocean_shortcode_after_title":"","ocean_shortcode_before_footer_widgets":"","ocean_shortcode_after_footer_widgets":"","ocean_shortcode_before_footer_bottom":"","ocean_shortcode_after_footer_bottom":"","ocean_display_top_bar":"default","ocean_display_header":"default","ocean_header_style":"","ocean_center_header_left_menu":"0","ocean_custom_header_template":"0","ocean_custom_logo":0,"ocean_custom_retina_logo":0,"ocean_custom_logo_max_width":0,"ocean_custom_logo_tablet_max_width":0,"ocean_custom_logo_mobile_max_width":0,"ocean_custom_logo_max_height":0,"ocean_custom_logo_tablet_max_height":0,"ocean_custom_logo_mobile_max_height":0,"ocean_header_custom_menu":"0","ocean_menu_typo_font_family":"0","ocean_menu_typo_font_subset":"","ocean_menu_typo_font_size":0,"ocean_menu_typo_font_size_tablet":0,"ocean_menu_typo_font_size_mobile":0,"ocean_menu_typo_font_size_unit":"px","ocean_menu_typo_font_weight":"","ocean_menu_typo_font_weight_tablet":"","ocean_menu_typo_font_weight_mobile":"","ocean_menu_typo_transform":"","ocean_menu_typo_transform_tablet":"","ocean_menu_typo_transform_mobile":"","ocean_menu_typo_line_height":0,"ocean_menu_typo_line_height_tablet":0,"ocean_menu_typo_line_height_mobile":0,"ocean_menu_typo_line_height_unit":"","ocean_menu_typo_spacing":0,"ocean_menu_typo_spacing_tablet":0,"ocean_menu_typo_spacing_mobile":0,"ocean_menu_typo_spacing_unit":"","ocean_menu_link_color":"","ocean_menu_link_color_hover":"","ocean_menu_link_color_active":"","ocean_menu_link_background":"","ocean_menu_link_hover_background":"","ocean_menu_link_active_background":"","ocean_menu_social_links_bg":"","ocean_menu_social_hover_links_bg":"","ocean_menu_social_links_color":"","ocean_menu_social_hover_links_color":"","ocean_disable_title":"on","ocean_disable_heading":"default","ocean_post_title":"","ocean_post_subheading":"","ocean_post_title_style":"","ocean_post_title_background_color":"","ocean_post_title_background":0,"ocean_post_title_bg_image_position":"","ocean_post_title_bg_image_attachment":"","ocean_post_title_bg_image_repeat":"","ocean_post_title_bg_image_size":"","ocean_post_title_height":0,"ocean_post_title_bg_overlay":0.5,"ocean_post_title_bg_overlay_color":"","ocean_disable_breadcrumbs":"default","ocean_breadcrumbs_color":"","ocean_breadcrumbs_separator_color":"","ocean_breadcrumbs_links_color":"","ocean_breadcrumbs_links_hover_color":"","ocean_display_footer_widgets":"default","ocean_display_footer_bottom":"default","ocean_custom_footer_template":"0","_joinchat":[],"footnotes":""},"class_list":["post-641","page","type-page","status-publish","hentry","entry"],"_links":{"self":[{"href":"https:\/\/semty.mx\/ctemty.mx\/wp-json\/wp\/v2\/pages\/641","targetHints":{"allow":["GET"]}}],"collection":[{"href":"https:\/\/semty.mx\/ctemty.mx\/wp-json\/wp\/v2\/pages"}],"about":[{"href":"https:\/\/semty.mx\/ctemty.mx\/wp-json\/wp\/v2\/types\/page"}],"author":[{"embeddable":true,"href":"https:\/\/semty.mx\/ctemty.mx\/wp-json\/wp\/v2\/users\/4"}],"replies":[{"embeddable":true,"href":"https:\/\/semty.mx\/ctemty.mx\/wp-json\/wp\/v2\/comments?post=641"}],"version-history":[{"count":7,"href":"https:\/\/semty.mx\/ctemty.mx\/wp-json\/wp\/v2\/pages\/641\/revisions"}],"predecessor-version":[{"id":648,"href":"https:\/\/semty.mx\/ctemty.mx\/wp-json\/wp\/v2\/pages\/641\/revisions\/648"}],"wp:attachment":[{"href":"https:\/\/semty.mx\/ctemty.mx\/wp-json\/wp\/v2\/media?parent=641"}],"curies":[{"name":"wp","href":"https:\/\/api.w.org\/{rel}","templated":true}]}}