{"id":187,"date":"2015-01-26T05:46:18","date_gmt":"2015-01-26T05:46:18","guid":{"rendered":"http:\/\/semty.mx\/ctemty.mx\/?page_id=187"},"modified":"2025-10-13T15:52:57","modified_gmt":"2025-10-13T15:52:57","slug":"aviso-de-privacidad","status":"publish","type":"page","link":"https:\/\/semty.mx\/ctemty.mx\/aviso-de-privacidad\/","title":{"rendered":"Aviso de Privacidad"},"content":{"rendered":"\t\t<div data-elementor-type=\"wp-page\" data-elementor-id=\"187\" class=\"elementor elementor-187\">\n\t\t\t\t<div class=\"elementor-element elementor-element-5cb1978f e-flex e-con-boxed e-con e-parent\" data-id=\"5cb1978f\" data-element_type=\"container\" data-e-type=\"container\">\n\t\t\t\t\t<div class=\"e-con-inner\">\n\t\t\t\t<div class=\"elementor-element elementor-element-65984fec elementor-widget elementor-widget-text-editor\" data-id=\"65984fec\" data-element_type=\"widget\" data-e-type=\"widget\" data-widget_type=\"text-editor.default\">\n\t\t\t\t\t\t\t\t\t<p>semty.mx\/ctemty.mx (Sistemas electr\u00f3nicos Monterrey) con domicilio en Keramos 314, Colonia del Prado, Monterrey, Nuevo Le\u00f3n, C.P. 64450 es responsable de recabar sus datos personales, del uso que se le de a los mismos as\u00ed como de su protecci\u00f3n.<\/p><p>Recabamos sus datos personales de forma directa cuando usted mismo nos los proporciona por diversos medios, como:<\/p><p>V\u00eda electr\u00f3nica (web, e-mail, chat, encuestas en l\u00ednea, etc.),<br \/>Telef\u00f3nicamente,<br \/>En presencia del titular de los datos (exposiciones, cursos, etc.),<br \/>Actividades de promoci\u00f3n.<\/p><p>Su informaci\u00f3n personal ser\u00e1 utilizada para las siguientes finalidades: proveer los servicios y productos que ha solicitado; notificarle sobre nuevos servicios o productos que tengan relaci\u00f3n con los ya contratados o adquiridos; comunicarle sobre cambios en los mismos; elaborar estudios y programas que son necesarios para determinar h\u00e1bitos de consumo; realizar evaluaciones peri\u00f3dicas de nuestros productos y servicios a efecto de mejorar la calidad de los mismos; evaluar la calidad del servicio que brindamos, y en general, para dar cumplimiento a las obligaciones que hemos contra\u00eddo con usted.<\/p><p>Para las finalidades se\u00f1aladas en el presente aviso de privacidad, podemos recabar sus datos personales como:<\/p><p>Nombre<br \/>Apellido Paterno<br \/>Apellido Materno<br \/>Tel\u00e9fono<br \/>Celular<br \/>E-mail<br \/>RFC<br \/>CURP<\/p><p>Le informamos que para cumplir con las finalidades previstas en este aviso de privacidad, NO ser\u00e1n recabados y tratados datos personales sensibles, como aqu\u00e9llos que refieren a informaci\u00f3n financiera b\u00e1sica.<\/p><p>Usted tiene derecho de acceder, rectificar y cancelar sus datos personales, as\u00ed como de oponerse al tratamiento de los mismos o revocar el consentimiento que para tal fin nos haya otorgado, a trav\u00e9s de los procedimientos que hemos implementado. Para conocer dichos procedimientos, los requisitos y plazos, se puede poner en contacto con nuestro departamento de datos personales en Keramos 314, Colonia del Prado, Monterrey, Nuevo Le\u00f3n, C.P. 64450, al\u00a0 o al correo electr\u00f3nico inscripciones@ctemty.mx redactando un correo electr\u00f3nico en espa\u00f1ol, el cual solicitamos confirme v\u00eda telef\u00f3nica para garantizar su correcta recepci\u00f3n, o visitar nuestra p\u00e1gina de Internet www.semty.mx\/ctemty.mx<\/p><p>Asimismo, le informamos que sus datos personales pueden ser transferidos y tratados dentro y fuera del pa\u00eds, por personas distintas a www.semty.mx \/ctemty.mx(Sistemas electr\u00f3nicos Monterrey) Si usted no manifiesta su oposici\u00f3n para que sus datos personales sean transferidos, se entender\u00e1 que ha otorgado su consentimiento para ello.<\/p><p>Si usted desea dejar de recibir mensajes promocionales de nuestra parte, puede solicitarlo a trav\u00e9s del correo electr\u00f3nico inscripciones@ctemty.mx redactando un correo electr\u00f3nico en espa\u00f1ol,\u00a0 o en el siguiente domicilio Keramos 314, Colonia del Prado, Monterrey, Nuevo Le\u00f3n, C.P. 64450.<\/p><p>Cualquier modificaci\u00f3n a este aviso de privacidad podr\u00e1 consultarla en www.semty.mx\/ctemty.mx<\/p><p>Fecha \u00faltima actualizaci\u00f3n s\u00e1bado 4 de febrero del 2017, 1:06 p.m..<\/p>\t\t\t\t\t\t\t\t<\/div>\n\t\t\t\t\t<\/div>\n\t\t\t\t<\/div>\n\t\t\t\t<\/div>\n\t\t","protected":false},"excerpt":{"rendered":"<p>semty.mx\/ctemty.mx (Sistemas electr\u00f3nicos Monterrey) con domicilio en Keramos 314, Colonia del Prado, Monterrey, Nuevo Le\u00f3n, C.P. 64450 es responsable de recabar sus datos personales, del uso que se le de a los mismos as\u00ed como de su protecci\u00f3n. Recabamos sus datos personales de forma directa cuando usted mismo nos los proporciona por diversos medios, como: [&hellip;]<\/p>\n","protected":false},"author":3,"featured_media":0,"parent":0,"menu_order":0,"comment_status":"open","ping_status":"open","template":"elementor_header_footer","meta":{"ocean_post_layout":"","ocean_both_sidebars_style":"","ocean_both_sidebars_content_width":0,"ocean_both_sidebars_sidebars_width":0,"ocean_sidebar":"0","ocean_second_sidebar":"0","ocean_disable_margins":"enable","ocean_add_body_class":"","ocean_shortcode_before_top_bar":"","ocean_shortcode_after_top_bar":"","ocean_shortcode_before_header":"","ocean_shortcode_after_header":"","ocean_has_shortcode":"","ocean_shortcode_after_title":"","ocean_shortcode_before_footer_widgets":"","ocean_shortcode_after_footer_widgets":"","ocean_shortcode_before_footer_bottom":"","ocean_shortcode_after_footer_bottom":"","ocean_display_top_bar":"default","ocean_display_header":"default","ocean_header_style":"","ocean_center_header_left_menu":"0","ocean_custom_header_template":"0","ocean_custom_logo":0,"ocean_custom_retina_logo":0,"ocean_custom_logo_max_width":0,"ocean_custom_logo_tablet_max_width":0,"ocean_custom_logo_mobile_max_width":0,"ocean_custom_logo_max_height":0,"ocean_custom_logo_tablet_max_height":0,"ocean_custom_logo_mobile_max_height":0,"ocean_header_custom_menu":"0","ocean_menu_typo_font_family":"0","ocean_menu_typo_font_subset":"","ocean_menu_typo_font_size":0,"ocean_menu_typo_font_size_tablet":0,"ocean_menu_typo_font_size_mobile":0,"ocean_menu_typo_font_size_unit":"px","ocean_menu_typo_font_weight":"","ocean_menu_typo_font_weight_tablet":"","ocean_menu_typo_font_weight_mobile":"","ocean_menu_typo_transform":"","ocean_menu_typo_transform_tablet":"","ocean_menu_typo_transform_mobile":"","ocean_menu_typo_line_height":0,"ocean_menu_typo_line_height_tablet":0,"ocean_menu_typo_line_height_mobile":0,"ocean_menu_typo_line_height_unit":"","ocean_menu_typo_spacing":0,"ocean_menu_typo_spacing_tablet":0,"ocean_menu_typo_spacing_mobile":0,"ocean_menu_typo_spacing_unit":"","ocean_menu_link_color":"","ocean_menu_link_color_hover":"","ocean_menu_link_color_active":"","ocean_menu_link_background":"","ocean_menu_link_hover_background":"","ocean_menu_link_active_background":"","ocean_menu_social_links_bg":"","ocean_menu_social_hover_links_bg":"","ocean_menu_social_links_color":"","ocean_menu_social_hover_links_color":"","ocean_disable_title":"on","ocean_disable_heading":"default","ocean_post_title":"","ocean_post_subheading":"","ocean_post_title_style":"","ocean_post_title_background_color":"","ocean_post_title_background":0,"ocean_post_title_bg_image_position":"","ocean_post_title_bg_image_attachment":"","ocean_post_title_bg_image_repeat":"","ocean_post_title_bg_image_size":"","ocean_post_title_height":0,"ocean_post_title_bg_overlay":0.5,"ocean_post_title_bg_overlay_color":"","ocean_disable_breadcrumbs":"default","ocean_breadcrumbs_color":"","ocean_breadcrumbs_separator_color":"","ocean_breadcrumbs_links_color":"","ocean_breadcrumbs_links_hover_color":"","ocean_display_footer_widgets":"default","ocean_display_footer_bottom":"default","ocean_custom_footer_template":"0","_joinchat":[],"footnotes":""},"class_list":["post-187","page","type-page","status-publish","hentry","entry"],"_links":{"self":[{"href":"https:\/\/semty.mx\/ctemty.mx\/wp-json\/wp\/v2\/pages\/187","targetHints":{"allow":["GET"]}}],"collection":[{"href":"https:\/\/semty.mx\/ctemty.mx\/wp-json\/wp\/v2\/pages"}],"about":[{"href":"https:\/\/semty.mx\/ctemty.mx\/wp-json\/wp\/v2\/types\/page"}],"author":[{"embeddable":true,"href":"https:\/\/semty.mx\/ctemty.mx\/wp-json\/wp\/v2\/users\/3"}],"replies":[{"embeddable":true,"href":"https:\/\/semty.mx\/ctemty.mx\/wp-json\/wp\/v2\/comments?post=187"}],"version-history":[{"count":10,"href":"https:\/\/semty.mx\/ctemty.mx\/wp-json\/wp\/v2\/pages\/187\/revisions"}],"predecessor-version":[{"id":699,"href":"https:\/\/semty.mx\/ctemty.mx\/wp-json\/wp\/v2\/pages\/187\/revisions\/699"}],"wp:attachment":[{"href":"https:\/\/semty.mx\/ctemty.mx\/wp-json\/wp\/v2\/media?parent=187"}],"curies":[{"name":"wp","href":"https:\/\/api.w.org\/{rel}","templated":true}]}}